{"id":391,"date":"2014-06-23T23:05:21","date_gmt":"2014-06-24T04:05:21","guid":{"rendered":"http:\/\/pregchoices.wpengine.com\/index.php\/?page_id=391"},"modified":"2018-04-11T12:19:07","modified_gmt":"2018-04-11T17:19:07","slug":"aborto-reproductivo-duelo-2","status":"publish","type":"page","link":"https:\/\/mypregnancychoices.com\/es\/reproductive-grief-abortion\/","title":{"rendered":"Duelo y P\u00e9rdida Reproductiva"},"content":{"rendered":"<h2>debido al aborto<\/h2>\n<p>Hay muchos grupos de apoyo y sitios dedicados a ayudar a mujeres y hombres a procesar sus sentimientos sobre el aborto.<\/p>\n<h3>Sitios web relacionados<\/h3>\n<ul>\n<li><a href=\"http:\/\/www.abortionchangesyou.com\" target=\"_blank\" rel=\"noopener nofollow external noreferrer\" data-wpel-link=\"external\">www.abortionchangesyou.com<\/a> \u2013 Es una forma an\u00f3nima de publicar su historia en l\u00ednea y leer otras historias.<\/li>\n<li><a href=\"http:\/\/www.afterabortion.org\" target=\"_blank\" rel=\"noopener nofollow external noreferrer\" data-wpel-link=\"external\">www.despu\u00e9sdelaborto.org<\/a><\/li>\n<li><a href=\"http:\/\/www.rachelsvineyard.org\" target=\"_blank\" rel=\"noopener nofollow external noreferrer\" data-wpel-link=\"external\">www.rachelsvineyard.org<\/a><\/li>\n<\/ul>\n<p>Llame al centro si desea obtener m\u00e1s informaci\u00f3n sobre grupos de apoyo o informaci\u00f3n sobre retiros nocturnos. Las becas est\u00e1n disponibles.<\/p>\n<h2>Debido a un aborto espont\u00e1neo<\/h2>\n<p>\u00bfSe siente solo, confundido y triste? En un momento dif\u00edcil, ac\u00e9rquese a aquellos que pueden brindarle compasi\u00f3n y apoyo.<\/p>\n<ol>\n<li>Re\u00fanase con uno de nuestros <a href=\"https:\/\/mypregnancychoices.com\/es\/services\/\" data-wpel-link=\"external\" target=\"_blank\" rel=\"nofollow external noopener noreferrer\">entrenadores de vida<\/a> para honrar su proceso, valores y creencias<\/li>\n<li>Reciba de nosotros una copia de Brazos vac\u00edos de Sherokee Ilse, ingl\u00e9s o espa\u00f1ol<\/li>\n<\/ol>\n<h3>Sitios web relacionados<\/h3>\n<ul>\n<li><a href=\"http:\/\/babiesremembered.org\" target=\"_blank\" rel=\"noopener nofollow external noreferrer\" data-wpel-link=\"external\">babyremembered.org<\/a><\/li>\n<li><a href=\"http:\/\/www.missinggrace.com\" target=\"_blank\" rel=\"noopener nofollow external noreferrer\" data-wpel-link=\"external\">www.missinggrace.com<\/a><\/li>\n<li><a href=\"http:\/\/www.healingheartsshop.com\" target=\"_blank\" rel=\"noopener nofollow external noreferrer\" data-wpel-link=\"external\">www.healingheartsshop.com<\/a><\/li>\n<\/ul>","protected":false},"excerpt":{"rendered":"<p>Due to Abortion There are many support groups and sites dedicated to helping women and men process through their feelings about their abortion. Related Websites www.abortionchangesyou.com &#8211; It&#8217;s an anonymous [&hellip;]<\/p>\n","protected":false},"author":6,"featured_media":0,"parent":0,"menu_order":0,"comment_status":"closed","ping_status":"closed","template":"","meta":{"_et_pb_use_builder":"","_et_pb_old_content":"","_et_gb_content_width":"","footnotes":""},"class_list":["post-391","page","type-page","status-publish","hentry"],"_links":{"self":[{"href":"https:\/\/mypregnancychoices.com\/es\/wp-json\/wp\/v2\/pages\/391","targetHints":{"allow":["GET"]}}],"collection":[{"href":"https:\/\/mypregnancychoices.com\/es\/wp-json\/wp\/v2\/pages"}],"about":[{"href":"https:\/\/mypregnancychoices.com\/es\/wp-json\/wp\/v2\/types\/page"}],"author":[{"embeddable":true,"href":"https:\/\/mypregnancychoices.com\/es\/wp-json\/wp\/v2\/users\/6"}],"replies":[{"embeddable":true,"href":"https:\/\/mypregnancychoices.com\/es\/wp-json\/wp\/v2\/comments?post=391"}],"version-history":[{"count":0,"href":"https:\/\/mypregnancychoices.com\/es\/wp-json\/wp\/v2\/pages\/391\/revisions"}],"wp:attachment":[{"href":"https:\/\/mypregnancychoices.com\/es\/wp-json\/wp\/v2\/media?parent=391"}],"curies":[{"name":"wp","href":"https:\/\/api.w.org\/{rel}","templated":true}]}}